{"id":909,"date":"2020-07-16T20:14:26","date_gmt":"2020-07-16T18:14:26","guid":{"rendered":"https:\/\/migros.ba\/?page_id=909"},"modified":"2025-01-16T21:41:03","modified_gmt":"2025-01-16T20:41:03","slug":"mobilna-osvjetljenja-za-aerodrome-i-heliodrome","status":"publish","type":"page","link":"https:\/\/migros.ba\/?page_id=909","title":{"rendered":"AGL i Mobilna osvjetljenja za aerodrome  i heliodrome"},"content":{"rendered":"\r\n<p><strong>Mobilna svjetla za aerodrome i heliodrome<\/strong><\/p>\r\n\r\n\r\n\r\n<p>Za aerodrome koji rade no\u0107u &#8211; obavljaju operacije no\u0107nog leta &#8211; mora da postoji osvetljenje na aerodromu, koje uklju\u010duje svetla na aerodromu, osvetljenje terminala na aerodromima, prilazna svetla i druge sisteme osvetljenja. Ako aerodrom radi no\u0107u na redovnoj osnovi, ima predvi\u0111ene no\u0107ne letove nego \u0161to bi trebalo postaviti trajno osvjetljenje piste.<\/p>\r\n\r\n\r\n\r\n<p>Me\u0111utim, ako se postupci letenja povremeno, sezonski ili iz bilo kojeg drugog razloga, aerodrom nemaju stalnu rasvjetu &#8211; tada se mo\u017ee koristiti privremena rasvjeta na aerodromu.<\/p>\r\n\r\n\r\n\r\n<p><strong>RADOVI NA ZRA\u010cNOM GRADNJU I RADOVI ZATVORENIH<\/strong><\/p>\r\n\r\n\r\n\r\n<p>Privremena zra\u010dna luka \u010desto se koristi za sanaciju piste ili bilo koje druge radove na izgradnji aerodroma koji zahtijevaju zatvaranje i obilje\u017eavanje podru\u010dja zra\u010dne luke. Za ozna\u010davanje prepreka i barikada na aerodromu, koriste se privremena zaporna svjetla. Prilikom popravka sistema rasvjete kolovozne trake ili kolovozne trake koriste se privremena svjetla tra\u010dnice.<\/p>\r\n\r\n\r\n\r\n<p>Ako je glavna pista zatvorena za gra\u0111evinske radove, zra\u010dna luka mo\u017ee nastaviti s letom pomo\u0107u prilazne staze ili druge piste privremeno. U ovom slu\u010daju su privremena svjetla na rubovima piste i privremena svjetla praga (krajnja svjetla) na kolovozu za vrijeme gra\u0111evinskih radova.<\/p>\r\n\r\n\r\n\r\n<p><strong>PRIVREMENO SVETLO RUNAVA I TAXIWAY<\/strong><\/p>\r\n\r\n\r\n\r\n<p>Privremena svjetla za taksi privremena rasvjeta na aerodromu &#8211; ili privremena rasvjeta uzleti\u0161ta &#8211; uklju\u010duju privremena svjetla za pistu, privremena svjetla taksi staze, privremena svjetla za prag (krajnja svjetla za pistu), privremena svjetla za prepreke (zrakoplove za zavarivanje), \u010dak i prijenosna PAPI svjetla.<\/p>\r\n\r\n\r\n\r\n<p><strong>PORTABLE RUNWAY SVJETLA<\/strong><\/p>\r\n\r\n\r\n\r\n<p>Prenosiva svetla za pistu obi\u010dno su baterijska svetla na aerodromu, koja se \u010duvaju u hangaru. Svjetla povremeno koriste osoblje aerodroma kako bi privremeno osvijetlilo pistu: podr\u017ealo no\u0107ne operacije ili letove u obla\u010dno vrijeme.<\/p>\r\n\r\n\r\n\r\n<p><strong>POVRATNO SVETLO ZRA\u010cNO SVETLO<\/strong><\/p>\r\n\r\n\r\n\r\n<p>Za zra\u010dne luke opremljene stalnim sustavima osvjetljenja uzdu\u017enog \u017ei\u010dara &#8211; ne-instrumentalne VFR piste, neprecizne piste IFR-a, IFR staze za precizni prilaz &#8211; potrebno je imati rezervno osvjetljenje aerodromske piste. Rezervna svetla za aerodromske letnje koriste se u hitnim situacijama kada stalni AGL sistem ne radi. Postoji mnogo razloga za to: GLAVNO isklju\u010denje napajanja, po\u017ear u trafostanici, gubitak CCR-a, kvar napajanja podstanica, ispadanje kabela u krugu itd.<\/p>\r\n\r\n\r\n\r\n<p>Zra\u010dna luka \u0107e u ve\u0107ini slu\u010dajeva zaustaviti letne procedure dok se ne rije\u0161i problem. Me\u0111utim, u stvarnom \u017eivotu mo\u017ee biti nemogu\u0107e odmah isklju\u010diti osvjetljenje aerodroma: avioni koji se pribli\u017eavaju pisti trebali bi obaviti slijetanje i u blizini nema drugih pista kojima bi se prometovao. U ovom se slu\u010daju koristi rezervno osvjetljenje zra\u010dne luke.<\/p>\r\n\r\n\r\n\r\n<p><strong>NAPREDNE SVETLOBE<\/strong><\/p>\r\n\r\n\r\n\r\n<p>Opisani iznad slu\u010daj je izvanredna situacija za aerodrom. Zra\u010dno osoblje treba djelovati odmah i u najkra\u0107em roku uvesti privremenu rasvjetu piste u skladu s me\u0111unarodnim zrakoplovnim propisima.<\/p>\r\n\r\n\r\n\r\n<p>Hitna svjetla na aerodromu koriste se i za podr\u0161ku operacijama spa\u0161avanja zra\u010dnog prometa, policijskih operacija, antiteroristi\u010dkih misija itd.<\/p>\r\n","protected":false},"excerpt":{"rendered":"<p>Mobilna svjetla za aerodrome i heliodrome Za aerodrome koji rade no\u0107u &#8211; obavljaju operacije no\u0107nog leta &#8211; mora da postoji osvetljenje na aerodromu, koje uklju\u010duje svetla na aerodromu, osvetljenje terminala na aerodromima, prilazna svetla i druge sisteme osvetljenja. Ako aerodrom radi no\u0107u na redovnoj osnovi, ima predvi\u0111ene no\u0107ne letove nego \u0161to bi trebalo postaviti trajno [&hellip;]<\/p>\n","protected":false},"author":1,"featured_media":910,"parent":82,"menu_order":0,"comment_status":"closed","ping_status":"closed","template":"","meta":{"footnotes":""},"_links":{"self":[{"href":"https:\/\/migros.ba\/index.php?rest_route=\/wp\/v2\/pages\/909"}],"collection":[{"href":"https:\/\/migros.ba\/index.php?rest_route=\/wp\/v2\/pages"}],"about":[{"href":"https:\/\/migros.ba\/index.php?rest_route=\/wp\/v2\/types\/page"}],"author":[{"embeddable":true,"href":"https:\/\/migros.ba\/index.php?rest_route=\/wp\/v2\/users\/1"}],"replies":[{"embeddable":true,"href":"https:\/\/migros.ba\/index.php?rest_route=%2Fwp%2Fv2%2Fcomments&post=909"}],"version-history":[{"count":2,"href":"https:\/\/migros.ba\/index.php?rest_route=\/wp\/v2\/pages\/909\/revisions"}],"predecessor-version":[{"id":1262,"href":"https:\/\/migros.ba\/index.php?rest_route=\/wp\/v2\/pages\/909\/revisions\/1262"}],"up":[{"embeddable":true,"href":"https:\/\/migros.ba\/index.php?rest_route=\/wp\/v2\/pages\/82"}],"wp:featuredmedia":[{"embeddable":true,"href":"https:\/\/migros.ba\/index.php?rest_route=\/wp\/v2\/media\/910"}],"wp:attachment":[{"href":"https:\/\/migros.ba\/index.php?rest_route=%2Fwp%2Fv2%2Fmedia&parent=909"}],"curies":[{"name":"wp","href":"https:\/\/api.w.org\/{rel}","templated":true}]}}