{"id":153,"date":"2019-01-31T19:02:30","date_gmt":"2019-01-31T18:02:30","guid":{"rendered":"https:\/\/migros.ba\/?page_id=153"},"modified":"2020-07-15T22:21:08","modified_gmt":"2020-07-15T20:21:08","slug":"pneumatski-jastuci","status":"publish","type":"page","link":"https:\/\/migros.ba\/?page_id=153","title":{"rendered":"Pneumatski jastuci"},"content":{"rendered":"\n<figure class=\"wp-block-image\"><img decoding=\"async\" loading=\"lazy\" width=\"1024\" height=\"728\" src=\"https:\/\/migros.ba\/wp-content\/uploads\/2019\/02\/Jastuci-naslovna-1024x728.jpg\" alt=\"\" class=\"wp-image-675\" srcset=\"https:\/\/migros.ba\/wp-content\/uploads\/2019\/02\/Jastuci-naslovna-1024x728.jpg 1024w, https:\/\/migros.ba\/wp-content\/uploads\/2019\/02\/Jastuci-naslovna-600x427.jpg 600w, https:\/\/migros.ba\/wp-content\/uploads\/2019\/02\/Jastuci-naslovna-300x213.jpg 300w, https:\/\/migros.ba\/wp-content\/uploads\/2019\/02\/Jastuci-naslovna-768x546.jpg 768w, https:\/\/migros.ba\/wp-content\/uploads\/2019\/02\/Jastuci-naslovna-1170x832.jpg 1170w, https:\/\/migros.ba\/wp-content\/uploads\/2019\/02\/Jastuci-naslovna-270x192.jpg 270w, https:\/\/migros.ba\/wp-content\/uploads\/2019\/02\/Jastuci-naslovna.jpg 1208w\" sizes=\"(max-width: 1024px) 100vw, 1024px\" \/><\/figure>\n\n\n\n<figure class=\"wp-block-image is-resized\"><img decoding=\"async\" loading=\"lazy\" src=\"https:\/\/migros.ba\/wp-content\/uploads\/2019\/02\/ad5071663a03b63965105fe833a73e40-300x168.png\" alt=\"\" class=\"wp-image-659\" width=\"75\" height=\"42\" srcset=\"https:\/\/migros.ba\/wp-content\/uploads\/2019\/02\/ad5071663a03b63965105fe833a73e40-300x168.png 300w, https:\/\/migros.ba\/wp-content\/uploads\/2019\/02\/ad5071663a03b63965105fe833a73e40-270x152.png 270w, https:\/\/migros.ba\/wp-content\/uploads\/2019\/02\/ad5071663a03b63965105fe833a73e40.png 481w\" sizes=\"(max-width: 75px) 100vw, 75px\" \/><\/figure>\n\n\n\n<h4 class=\"wp-block-heading\"><strong>S.Tec 12 Jastuci za podizanje (12 bar)<\/strong><\/h4>\n\n\n\n<div class=\"wp-block-media-text alignwide\"><figure class=\"wp-block-media-text__media\"><img decoding=\"async\" loading=\"lazy\" width=\"1024\" height=\"683\" src=\"https:\/\/migros.ba\/wp-content\/uploads\/2019\/02\/S.tec-12-1024x683.jpg\" alt=\"\" class=\"wp-image-680\" srcset=\"https:\/\/migros.ba\/wp-content\/uploads\/2019\/02\/S.tec-12-1024x683.jpg 1024w, https:\/\/migros.ba\/wp-content\/uploads\/2019\/02\/S.tec-12-600x400.jpg 600w, https:\/\/migros.ba\/wp-content\/uploads\/2019\/02\/S.tec-12-300x200.jpg 300w, https:\/\/migros.ba\/wp-content\/uploads\/2019\/02\/S.tec-12-768x512.jpg 768w, https:\/\/migros.ba\/wp-content\/uploads\/2019\/02\/S.tec-12-1170x780.jpg 1170w, https:\/\/migros.ba\/wp-content\/uploads\/2019\/02\/S.tec-12-270x180.jpg 270w\" sizes=\"(max-width: 1024px) 100vw, 1024px\" \/><\/figure><div class=\"wp-block-media-text__content\">\n<p>50 % ve\u0107e performanse*<br> 2.5 cm visina umetanja<br> do 102 tone snaga podizanja<br><br><\/p>\n<\/div><\/div>\n\n\n\n<p>Vetter je dodatno optimizirao popularni mini jastuk kako bi napravio novu generaciju jastuka za podizanje.                                                                               Vetter S.Tec 12 jastuk za podizanje savladava svaku operaciju spa\u0161avanja s lako\u0107om.<br>Zapanjuju\u0107e tanak i jedinstveno sna\u017ean, njegova dinami\u010dka snaga podizanja s 12 bara ga \u010dini najimpresivnijim jastukom za podizanje na tr\u017ei\u0161tu. S visinom umetanja od samo 2.5 cm, na\u0161 S.Tec 12 jastuk za podizanje mo\u017ee stati i u najmanje otvore. Zahvaljuju\u0107i inteligentnom povr\u0161inskom profilu, sigurno mo\u017eete naslo\u017eiti dva jastuka.<\/p>\n\n\n\n<div class=\"wp-block-media-text alignwide\"><figure class=\"wp-block-media-text__media\"><img decoding=\"async\" loading=\"lazy\" width=\"1024\" height=\"931\" src=\"https:\/\/migros.ba\/wp-content\/uploads\/2019\/02\/Betonblock-1024x931.jpg\" alt=\"\" class=\"wp-image-684\" srcset=\"https:\/\/migros.ba\/wp-content\/uploads\/2019\/02\/Betonblock-1024x931.jpg 1024w, https:\/\/migros.ba\/wp-content\/uploads\/2019\/02\/Betonblock-600x545.jpg 600w, https:\/\/migros.ba\/wp-content\/uploads\/2019\/02\/Betonblock-300x273.jpg 300w, https:\/\/migros.ba\/wp-content\/uploads\/2019\/02\/Betonblock-768x698.jpg 768w, https:\/\/migros.ba\/wp-content\/uploads\/2019\/02\/Betonblock-1170x1063.jpg 1170w, https:\/\/migros.ba\/wp-content\/uploads\/2019\/02\/Betonblock-270x245.jpg 270w\" sizes=\"(max-width: 1024px) 100vw, 1024px\" \/><\/figure><div class=\"wp-block-media-text__content\">\n<p>Kori\u0161tenje \u2026<br> Osloba\u0111anje zarobljenih osoba<br> Saobra\u0107ajne nesre\u0107e<br> Odroni i klizi\u0161ta<br> Uru\u0161ene zgrade<br> Prednosti:<br> 50 % pove\u0107anje performansi<br> Mogu\u0107e slaganje jastuka zbog anti-slip povr\u0161ine<br> Sigurnosne spojnice<br> Oja\u010dano aramidnim vlaknima<br> Kompatibilno sa 8+10 bara opremom za punjenje<br> Zagarantovan kvalitet:<br> Pojedina\u010dno testirano (sa datiranim pe\u010datom)<br> Sigurnosni faktor ve\u0107i od 4:1<br> U skladu s EN 13731 ( neovisno testirano)<br> Garancija 3 godine<\/p>\n<\/div><\/div>\n\n\n\n<p><strong>&nbsp;                                                                                                                           Tehni\u010dke karakteristike S.Tec jastuka<\/strong><\/p>\n\n\n\n<figure class=\"wp-block-image is-resized\"><img decoding=\"async\" loading=\"lazy\" src=\"https:\/\/migros.ba\/wp-content\/uploads\/2019\/02\/Tehni\u010dki-podaci-S-tec-1024x903.png\" alt=\"\" class=\"wp-image-687\" width=\"768\" height=\"677\" srcset=\"https:\/\/migros.ba\/wp-content\/uploads\/2019\/02\/Tehni\u010dki-podaci-S-tec-1024x903.png 1024w, https:\/\/migros.ba\/wp-content\/uploads\/2019\/02\/Tehni\u010dki-podaci-S-tec-600x529.png 600w, https:\/\/migros.ba\/wp-content\/uploads\/2019\/02\/Tehni\u010dki-podaci-S-tec-300x265.png 300w, https:\/\/migros.ba\/wp-content\/uploads\/2019\/02\/Tehni\u010dki-podaci-S-tec-768x677.png 768w, https:\/\/migros.ba\/wp-content\/uploads\/2019\/02\/Tehni\u010dki-podaci-S-tec-270x238.png 270w, https:\/\/migros.ba\/wp-content\/uploads\/2019\/02\/Tehni\u010dki-podaci-S-tec.png 1033w\" sizes=\"(max-width: 768px) 100vw, 768px\" \/><\/figure>\n\n\n\n<p><strong>\u017delite komplet jastuka za podizanje savr\u0161eno prilago\u0111en va\u0161im potrebama?<br> Pitajte nas! Biti \u0107e nam zadovoljstvo savjetovati vas<\/strong>.<br> Va\u0161 izbor: <\/p>\n\n\n\n<p>-12 razli\u010ditih veli\u010dina jastuka (kvadratni ili pravokutni oblik) s snagom podizanja do 102 tone<br> -4 upravlja\u010dka ure\u0111aja (3 &#8220;deadman&#8221; verzije, 1 armaturna verzija)<br> -Mnogo razli\u010ditih izvora komprimiranog zraka uklju\u010duju\u0107i: boca kompresovanog zraka, kompresor, priklju\u010dak kompresovanog zraka na vozilima<\/p>\n\n\n\n<figure class=\"wp-block-image is-resized\"><img decoding=\"async\" loading=\"lazy\" src=\"https:\/\/migros.ba\/wp-content\/uploads\/2019\/02\/1315000700-V-22-nebeneinander-am-Betonblock-6-1024x470.jpg\" alt=\"\" class=\"wp-image-694\" width=\"768\" height=\"353\" srcset=\"https:\/\/migros.ba\/wp-content\/uploads\/2019\/02\/1315000700-V-22-nebeneinander-am-Betonblock-6-1024x470.jpg 1024w, https:\/\/migros.ba\/wp-content\/uploads\/2019\/02\/1315000700-V-22-nebeneinander-am-Betonblock-6-600x275.jpg 600w, https:\/\/migros.ba\/wp-content\/uploads\/2019\/02\/1315000700-V-22-nebeneinander-am-Betonblock-6-300x138.jpg 300w, https:\/\/migros.ba\/wp-content\/uploads\/2019\/02\/1315000700-V-22-nebeneinander-am-Betonblock-6-768x352.jpg 768w, https:\/\/migros.ba\/wp-content\/uploads\/2019\/02\/1315000700-V-22-nebeneinander-am-Betonblock-6-1170x537.jpg 1170w, https:\/\/migros.ba\/wp-content\/uploads\/2019\/02\/1315000700-V-22-nebeneinander-am-Betonblock-6-270x124.jpg 270w\" sizes=\"(max-width: 768px) 100vw, 768px\" \/><\/figure>\n\n\n\n<h2 class=\"wp-block-heading\"><\/h2>\n\n\n\n<h4 class=\"wp-block-heading\">Priklju\u010dni jastuci C.Tec (10 bar)<br>\nPojedina\u010dni ili spojeni &#8211; uvijek su mo\u0107an tim<\/h4>\n\n\n\n<div class=\"wp-block-media-text alignwide\" style=\"grid-template-columns:28% auto\"><figure class=\"wp-block-media-text__media\"><img decoding=\"async\" loading=\"lazy\" width=\"200\" height=\"300\" src=\"https:\/\/migros.ba\/wp-content\/uploads\/2019\/02\/C.Tec_-200x300.jpg\" alt=\"\" class=\"wp-image-699\" srcset=\"https:\/\/migros.ba\/wp-content\/uploads\/2019\/02\/C.Tec_-200x300.jpg 200w, https:\/\/migros.ba\/wp-content\/uploads\/2019\/02\/C.Tec_-600x900.jpg 600w, https:\/\/migros.ba\/wp-content\/uploads\/2019\/02\/C.Tec_-768x1152.jpg 768w, https:\/\/migros.ba\/wp-content\/uploads\/2019\/02\/C.Tec_-683x1024.jpg 683w, https:\/\/migros.ba\/wp-content\/uploads\/2019\/02\/C.Tec_-1170x1755.jpg 1170w, https:\/\/migros.ba\/wp-content\/uploads\/2019\/02\/C.Tec_-270x405.jpg 270w, https:\/\/migros.ba\/wp-content\/uploads\/2019\/02\/C.Tec_-scaled.jpg 1707w\" sizes=\"(max-width: 200px) 100vw, 200px\" \/><\/figure><div class=\"wp-block-media-text__content\">\n<p>\n\nVisoka razina stabilnosti s visinom podizanja do 2.1 m<br>Do tri jastuka se mogu koristiti jedan na drugom<br>Tehnologija spajanja bez alata<br>Konstantna krajnja snaga podizanja\n\n<\/p>\n<\/div><\/div>\n\n\n\n<p>Vetter priklju\u010dni jastuci C.Tec su savr\u0161en izbor za omogu\u0107avanje brzog rje\u0161avanja kriti\u010dnih situacija.<br> Oni kombiniraju snagu podizanja Mini jastuka i visinu podizanja poznatog Vetter 1 bar jastuka.<br> Za rezultat dobili smo mogu\u0107nost brzog reagovanja za promjenjive visine podizanja do 2.10 m.<br> Zahvaljuju\u0107i tehnologiji spajanja bez alata jastuci su spremni za akciju u nekoliko sekundi. Integrirana opteretna plo\u010da osigurava visoku razinu stabilnosti i kapacitet nosivosti prilikom operacije podizanja.<br> Podizanje ta\u010daka optere\u0107enja i objekata sa o\u0161trim ili \u0161iljastim povr\u0161inama je mogu\u0107e bez dodatnih adaptera.<\/p>\n\n\n\n<figure class=\"wp-block-image is-resized\"><img decoding=\"async\" loading=\"lazy\" src=\"https:\/\/migros.ba\/wp-content\/uploads\/2019\/02\/C.Tec-tehni\u010dke-1024x450.png\" alt=\"\" class=\"wp-image-703\" width=\"768\" height=\"338\" srcset=\"https:\/\/migros.ba\/wp-content\/uploads\/2019\/02\/C.Tec-tehni\u010dke-1024x450.png 1024w, https:\/\/migros.ba\/wp-content\/uploads\/2019\/02\/C.Tec-tehni\u010dke-600x264.png 600w, https:\/\/migros.ba\/wp-content\/uploads\/2019\/02\/C.Tec-tehni\u010dke-300x132.png 300w, https:\/\/migros.ba\/wp-content\/uploads\/2019\/02\/C.Tec-tehni\u010dke-768x337.png 768w, https:\/\/migros.ba\/wp-content\/uploads\/2019\/02\/C.Tec-tehni\u010dke-270x119.png 270w, https:\/\/migros.ba\/wp-content\/uploads\/2019\/02\/C.Tec-tehni\u010dke.png 1122w\" sizes=\"(max-width: 768px) 100vw, 768px\" \/><\/figure>\n\n\n\n<p><strong>Tra\u017eite li komplet jastuka za podizanje koji savr\u0161eno odgovaraju va\u0161im<br> potrebama? Kontaktirajte nas! Biti \u0107e nam zadovoljstvo savjetovati vas.<\/strong><br> Imate sljede\u0107i izbor:<\/p>\n\n\n\n<div class=\"wp-block-media-text alignwide\" style=\"grid-template-columns:35% auto\"><figure class=\"wp-block-media-text__media\"><img decoding=\"async\" loading=\"lazy\" width=\"640\" height=\"723\" src=\"https:\/\/migros.ba\/wp-content\/uploads\/2019\/02\/S-tec-kori\u0161tenje.png\" alt=\"\" class=\"wp-image-706\" srcset=\"https:\/\/migros.ba\/wp-content\/uploads\/2019\/02\/S-tec-kori\u0161tenje.png 640w, https:\/\/migros.ba\/wp-content\/uploads\/2019\/02\/S-tec-kori\u0161tenje-600x678.png 600w, https:\/\/migros.ba\/wp-content\/uploads\/2019\/02\/S-tec-kori\u0161tenje-266x300.png 266w, https:\/\/migros.ba\/wp-content\/uploads\/2019\/02\/S-tec-kori\u0161tenje-270x305.png 270w\" sizes=\"(max-width: 640px) 100vw, 640px\" \/><\/figure><div class=\"wp-block-media-text__content\">\n<p>\n\n3 razli\u010dite veli\u010dine jastuka sa snagom podizanja do 143 tone<br>4 upravlja\u010dka ure\u0111aja (3 &#8220;deadman&#8221; verzije, 1 armaturna verzija)<br>Mnogo razli\u010ditih izvora komprimiranog zraka uklju\u010duju\u0107i: boca komprimiranog zraka, kompresor, priklju\u010dak komprimiranog zraka na vozilima\n\n<\/p>\n<\/div><\/div>\n\n\n\n<div class=\"wp-block-media-text alignwide\" style=\"grid-template-columns:20% auto\"><figure class=\"wp-block-media-text__media\"><img decoding=\"async\" loading=\"lazy\" width=\"816\" height=\"1024\" src=\"https:\/\/migros.ba\/wp-content\/uploads\/2019\/02\/IMG_0045-als-Smartobjekt-1-816x1024.jpg\" alt=\"\" class=\"wp-image-717\" srcset=\"https:\/\/migros.ba\/wp-content\/uploads\/2019\/02\/IMG_0045-als-Smartobjekt-1-816x1024.jpg 816w, https:\/\/migros.ba\/wp-content\/uploads\/2019\/02\/IMG_0045-als-Smartobjekt-1-600x753.jpg 600w, https:\/\/migros.ba\/wp-content\/uploads\/2019\/02\/IMG_0045-als-Smartobjekt-1-239x300.jpg 239w, https:\/\/migros.ba\/wp-content\/uploads\/2019\/02\/IMG_0045-als-Smartobjekt-1-768x964.jpg 768w, https:\/\/migros.ba\/wp-content\/uploads\/2019\/02\/IMG_0045-als-Smartobjekt-1-1170x1468.jpg 1170w, https:\/\/migros.ba\/wp-content\/uploads\/2019\/02\/IMG_0045-als-Smartobjekt-1-270x339.jpg 270w, https:\/\/migros.ba\/wp-content\/uploads\/2019\/02\/IMG_0045-als-Smartobjekt-1.jpg 2000w\" sizes=\"(max-width: 816px) 100vw, 816px\" \/><\/figure><div class=\"wp-block-media-text__content\">\n<p>C.Tec jastuk s torbom<\/p>\n<\/div><\/div>\n\n\n\n<figure class=\"wp-block-image\"><img decoding=\"async\" loading=\"lazy\" width=\"1024\" height=\"329\" src=\"https:\/\/migros.ba\/wp-content\/uploads\/2019\/02\/C-Tec-kombinacije-1024x329.png\" alt=\"\" class=\"wp-image-712\" srcset=\"https:\/\/migros.ba\/wp-content\/uploads\/2019\/02\/C-Tec-kombinacije-1024x329.png 1024w, https:\/\/migros.ba\/wp-content\/uploads\/2019\/02\/C-Tec-kombinacije-600x193.png 600w, https:\/\/migros.ba\/wp-content\/uploads\/2019\/02\/C-Tec-kombinacije-300x96.png 300w, https:\/\/migros.ba\/wp-content\/uploads\/2019\/02\/C-Tec-kombinacije-768x247.png 768w, https:\/\/migros.ba\/wp-content\/uploads\/2019\/02\/C-Tec-kombinacije-270x87.png 270w, https:\/\/migros.ba\/wp-content\/uploads\/2019\/02\/C-Tec-kombinacije.png 1062w\" sizes=\"(max-width: 1024px) 100vw, 1024px\" \/><\/figure>\n\n\n\n<div class=\"wp-block-media-text alignwide\" style=\"grid-template-columns:16% auto\"><figure class=\"wp-block-media-text__media\"><img decoding=\"async\" loading=\"lazy\" width=\"738\" height=\"492\" src=\"https:\/\/migros.ba\/wp-content\/uploads\/2019\/02\/Lastplatte.jpg\" alt=\"\" class=\"wp-image-718\" srcset=\"https:\/\/migros.ba\/wp-content\/uploads\/2019\/02\/Lastplatte.jpg 738w, https:\/\/migros.ba\/wp-content\/uploads\/2019\/02\/Lastplatte-600x400.jpg 600w, https:\/\/migros.ba\/wp-content\/uploads\/2019\/02\/Lastplatte-300x200.jpg 300w, https:\/\/migros.ba\/wp-content\/uploads\/2019\/02\/Lastplatte-270x180.jpg 270w\" sizes=\"(max-width: 738px) 100vw, 738px\" \/><\/figure><div class=\"wp-block-media-text__content\">\n<p>Spojna plo\u010da<\/p>\n<\/div><\/div>\n\n\n\n<h4 class=\"wp-block-heading\">Ultra tanki jastuci S .Tec (10 bar)<br>\nNenadma\u0161no tanak prvi pomagatelj S. Tec seriji.<\/h4>\n\n\n\n<figure class=\"wp-block-image is-resized\"><img decoding=\"async\" loading=\"lazy\" src=\"https:\/\/migros.ba\/wp-content\/uploads\/2019\/02\/IMG_2851-1024x683.jpg\" alt=\"\" class=\"wp-image-724\" width=\"768\" height=\"512\" srcset=\"https:\/\/migros.ba\/wp-content\/uploads\/2019\/02\/IMG_2851-1024x683.jpg 1024w, https:\/\/migros.ba\/wp-content\/uploads\/2019\/02\/IMG_2851-600x400.jpg 600w, https:\/\/migros.ba\/wp-content\/uploads\/2019\/02\/IMG_2851-300x200.jpg 300w, https:\/\/migros.ba\/wp-content\/uploads\/2019\/02\/IMG_2851-768x512.jpg 768w, https:\/\/migros.ba\/wp-content\/uploads\/2019\/02\/IMG_2851-1170x780.jpg 1170w, https:\/\/migros.ba\/wp-content\/uploads\/2019\/02\/IMG_2851-270x180.jpg 270w\" sizes=\"(max-width: 768px) 100vw, 768px\" \/><\/figure>\n\n\n\n<p>25 % ve\u0107e performanse<br> Visina umetanja samo 1.6 cm<br> Spreman za upotrebu u sekundama<br> Reflektivne oznake<\/p>\n\n\n\n<p>Savr\u0161ena nadopuna za va\u0161 C.Tec priklju\u010dni jastuk za podizanje. Sa svojom super malom visinom umetanja od samo 1.6 cm, Vetter ultra tanki jastuci za podizanje mogu stati i u najmanje otvore \u0161to ih \u010dini idealnim prvim pomaga\u010dem u operaciji spa\u0161avanja. Oni pru\u017eaju svoju snagu u najsku\u010denijim prostorima i otvaraju radni prostor za druge spasila\u010dke alate. Zahvaljuju\u0107i niskim zahtjevima za zrak i jako jednostavnom upotrebom, Vetter ultra tanki jastuci su spremni za upotrebu u sekundama.<br> Ukratko: neophodan alat za \u0161iroki raspon situacija.<\/p>\n\n\n\n<figure class=\"wp-block-image is-resized\"><img decoding=\"async\" loading=\"lazy\" src=\"https:\/\/migros.ba\/wp-content\/uploads\/2019\/02\/Tehni\u010dki-mini-1024x512.png\" alt=\"\" class=\"wp-image-727\" width=\"768\" height=\"384\" srcset=\"https:\/\/migros.ba\/wp-content\/uploads\/2019\/02\/Tehni\u010dki-mini-1024x512.png 1024w, https:\/\/migros.ba\/wp-content\/uploads\/2019\/02\/Tehni\u010dki-mini-600x300.png 600w, https:\/\/migros.ba\/wp-content\/uploads\/2019\/02\/Tehni\u010dki-mini-300x150.png 300w, https:\/\/migros.ba\/wp-content\/uploads\/2019\/02\/Tehni\u010dki-mini-768x384.png 768w, https:\/\/migros.ba\/wp-content\/uploads\/2019\/02\/Tehni\u010dki-mini-270x135.png 270w, https:\/\/migros.ba\/wp-content\/uploads\/2019\/02\/Tehni\u010dki-mini.png 1033w\" sizes=\"(max-width: 768px) 100vw, 768px\" \/><\/figure>\n","protected":false},"excerpt":{"rendered":"<p>S.Tec 12 Jastuci za podizanje (12 bar) 50 % ve\u0107e performanse* 2.5 cm visina umetanja do 102 tone snaga podizanja Vetter je dodatno optimizirao popularni mini jastuk kako bi napravio novu generaciju jastuka za podizanje. Vetter S.Tec 12 jastuk za podizanje savladava svaku operaciju spa\u0161avanja s lako\u0107om.Zapanjuju\u0107e tanak i jedinstveno sna\u017ean, njegova dinami\u010dka snaga podizanja [&hellip;]<\/p>\n","protected":false},"author":1,"featured_media":675,"parent":2,"menu_order":0,"comment_status":"closed","ping_status":"closed","template":"","meta":{"footnotes":""},"_links":{"self":[{"href":"https:\/\/migros.ba\/index.php?rest_route=\/wp\/v2\/pages\/153"}],"collection":[{"href":"https:\/\/migros.ba\/index.php?rest_route=\/wp\/v2\/pages"}],"about":[{"href":"https:\/\/migros.ba\/index.php?rest_route=\/wp\/v2\/types\/page"}],"author":[{"embeddable":true,"href":"https:\/\/migros.ba\/index.php?rest_route=\/wp\/v2\/users\/1"}],"replies":[{"embeddable":true,"href":"https:\/\/migros.ba\/index.php?rest_route=%2Fwp%2Fv2%2Fcomments&post=153"}],"version-history":[{"count":1,"href":"https:\/\/migros.ba\/index.php?rest_route=\/wp\/v2\/pages\/153\/revisions"}],"predecessor-version":[{"id":906,"href":"https:\/\/migros.ba\/index.php?rest_route=\/wp\/v2\/pages\/153\/revisions\/906"}],"up":[{"embeddable":true,"href":"https:\/\/migros.ba\/index.php?rest_route=\/wp\/v2\/pages\/2"}],"wp:featuredmedia":[{"embeddable":true,"href":"https:\/\/migros.ba\/index.php?rest_route=\/wp\/v2\/media\/675"}],"wp:attachment":[{"href":"https:\/\/migros.ba\/index.php?rest_route=%2Fwp%2Fv2%2Fmedia&parent=153"}],"curies":[{"name":"wp","href":"https:\/\/api.w.org\/{rel}","templated":true}]}}