{"id":151,"date":"2019-01-31T19:01:39","date_gmt":"2019-01-31T18:01:39","guid":{"rendered":"https:\/\/migros.ba\/?page_id=151"},"modified":"2020-07-16T20:23:19","modified_gmt":"2020-07-16T18:23:19","slug":"uskocni-jastuci","status":"publish","type":"page","link":"https:\/\/migros.ba\/?page_id=151","title":{"rendered":"Usko\u010dni jastuci"},"content":{"rendered":"\n<div class=\"wp-block-media-text alignwide\" style=\"grid-template-columns:13% auto\"><figure class=\"wp-block-media-text__media\"><img decoding=\"async\" loading=\"lazy\" width=\"481\" height=\"270\" src=\"https:\/\/migros.ba\/wp-content\/uploads\/2019\/02\/ad5071663a03b63965105fe833a73e40.png\" alt=\"\" class=\"wp-image-659\" srcset=\"https:\/\/migros.ba\/wp-content\/uploads\/2019\/02\/ad5071663a03b63965105fe833a73e40.png 481w, https:\/\/migros.ba\/wp-content\/uploads\/2019\/02\/ad5071663a03b63965105fe833a73e40-300x168.png 300w, https:\/\/migros.ba\/wp-content\/uploads\/2019\/02\/ad5071663a03b63965105fe833a73e40-270x152.png 270w\" sizes=\"(max-width: 481px) 100vw, 481px\" \/><\/figure><div class=\"wp-block-media-text__content\">\n<p><strong>Brzo spa\u0161avanje s visina do 25 m.<\/strong><\/p>\n<\/div><\/div>\n\n\n\n<p>  <br> <\/p>\n\n\n\n<div class=\"wp-block-media-text alignwide\"><figure class=\"wp-block-media-text__media\"><img decoding=\"async\" loading=\"lazy\" width=\"595\" height=\"420\" src=\"https:\/\/migros.ba\/wp-content\/uploads\/2019\/02\/SP-25.jpg\" alt=\"\" class=\"wp-image-615\" srcset=\"https:\/\/migros.ba\/wp-content\/uploads\/2019\/02\/SP-25.jpg 595w, https:\/\/migros.ba\/wp-content\/uploads\/2019\/02\/SP-25-300x212.jpg 300w, https:\/\/migros.ba\/wp-content\/uploads\/2019\/02\/SP-25-270x190.jpg 270w\" sizes=\"(max-width: 595px) 100vw, 595px\" \/><\/figure><div class=\"wp-block-media-text__content\">\n<p><strong>Usko\u010dni jastuci SP 16 \/ SP 25 <\/strong><\/p>\n\n\n\n<p>Spa\u0161avanje do 8. sprata<\/p>\n\n\n\n<p>Brzo postavljanje<\/p>\n\n\n\n<p>Lagan za no\u0161enje \u010dak i kada je napuhan<\/p>\n\n\n\n<p>Psiholo\u0161ki optimizirana povr\u0161ina jastuka<\/p>\n<\/div><\/div>\n\n\n\n<p>Vetter usko\u010dni jastuci* omogu\u0107uju brzu pomo\u0107 kada je prostor ograni\u010den ili kada pro\u010delje zgrade nije pristupa\u010dno vatrogasnim auto ljestvama. Na taj na\u010din ste opremljeni za te\u0161ke operativne situacije.<br>Brzi za postavljanje i laki za transport, Vetter SP 16 i SP 25 usko\u010dni jastuci olak\u0161avaju rad straga ili u dvori\u0161tima zgrada. Na\u0161i usko\u010dni jastuci tako\u0111er pru\u017eaju sigurno rje\u0161enje za zarobljeno spasila\u010dko osoblje.                                SP 16 je od 2014. jedini standardizirani usko\u010dni jastuk u Njema\u010dkoj.        Za\u0161titite sebe i sve pogo\u0111ene osobe u slu\u010daju spa\u0161avanja s velikih visina i pru\u017eite va\u0161e povjerenje u na\u0161e usko\u010dne jastuke.<br>Neon-\u017eute bo\u010dne stranice pobolj\u0161avaju vidljivost usko\u010dnih jastuka pri no\u0107i i lo\u0161em vremenu.<br>Usko\u010dna povr\u0161ina je psiholo\u0161ki optimizirana: plavi krugovi \u2212 razvijeni s iskusnim psihologom Prof. Horst Schuh \u2212 su pokazali da smanjuju pani\u010dni strah skaka\u010da.<br>Na\u0161i usko\u010dni jastuci su testirani od strane neovisnih institucija sukladno s DIN 14151 T1 i T3.<br>Ovaj standard zahtjeva detaljno testiranje uklju\u010duju\u0107i mnoge testove pada s razli\u010ditim te\u017einama i usko\u010dnim pozicijama. Da bi mjerili usko\u010dno usporavanje, testovi s lutkama su od velike va\u017enosti.<br><br>Ukratko: Samo s certificiranim usko\u010dnim jastucima optimalno \u0161titite skaka\u010da i spasila\u010dki tim od sprje\u010divih ozljeda.<\/p>\n\n\n\n<figure class=\"wp-block-image\"><img decoding=\"async\" loading=\"lazy\" width=\"661\" height=\"269\" src=\"https:\/\/migros.ba\/wp-content\/uploads\/2019\/02\/s.png\" alt=\"\" class=\"wp-image-634\" srcset=\"https:\/\/migros.ba\/wp-content\/uploads\/2019\/02\/s.png 661w, https:\/\/migros.ba\/wp-content\/uploads\/2019\/02\/s-600x244.png 600w, https:\/\/migros.ba\/wp-content\/uploads\/2019\/02\/s-300x122.png 300w, https:\/\/migros.ba\/wp-content\/uploads\/2019\/02\/s-270x110.png 270w\" sizes=\"(max-width: 661px) 100vw, 661px\" \/><\/figure>\n\n\n\n<div class=\"wp-block-media-text alignwide\" style=\"grid-template-columns:24% auto\"><figure class=\"wp-block-media-text__media\"><img decoding=\"async\" loading=\"lazy\" width=\"307\" height=\"347\" src=\"https:\/\/migros.ba\/wp-content\/uploads\/2019\/02\/Tekst-blok.jpg\" alt=\"\" class=\"wp-image-626\" srcset=\"https:\/\/migros.ba\/wp-content\/uploads\/2019\/02\/Tekst-blok.jpg 307w, https:\/\/migros.ba\/wp-content\/uploads\/2019\/02\/Tekst-blok-265x300.jpg 265w, https:\/\/migros.ba\/wp-content\/uploads\/2019\/02\/Tekst-blok-270x305.jpg 270w\" sizes=\"(max-width: 307px) 100vw, 307px\" \/><\/figure><div class=\"wp-block-media-text__content\">\n<p>Kori\u0161tenje \u2026<br>Vatra u zgradama do 8 spratova \/ 25 m<br> (SP 25)<br>Za\u0161tita pri visinskom spa\u0161avanju<br>Podru\u010dje nedostupno vatrogasnim auto<br>ljestvama<br> Prednosti:<br>Samo 2 ili 4 osobe potrebne za postavljanje<br>Vanjski pokrov izra\u0111en od materijala otpornog<br> na vatru i kidanje<br>SP 16 odobren sukladno s DIN 14151 T1 i T3<br>SP 25 testiran sukladno s DIN 14151 T1 i T3<br> Zagarantovan kvalitet:<br>Pojedina\u010dno testirani s padaju\u0107im utezima<br>Datirani, inspekcijski pe\u010dat<br>Integrirani sigurnosni ventil<br>Garancija od 2 godine<br> (neovisno testirano)<\/p>\n<\/div><\/div>\n\n\n\n<p><\/p>\n\n\n\n<p><\/p>\n\n\n\n<h2 class=\"wp-block-heading\">Usko\u010dni jastuk SP 60<\/h2>\n\n\n\n<p style=\"background-color:#ffda00\" class=\"has-background\"><strong>Jedini spasilac za visine do 60 metara.<\/strong><\/p>\n\n\n\n<figure class=\"wp-block-image is-resized\"><img decoding=\"async\" loading=\"lazy\" src=\"https:\/\/migros.ba\/wp-content\/uploads\/2019\/02\/SP-60-1024x685.jpg\" alt=\"\" class=\"wp-image-639\" width=\"599\" height=\"400\" srcset=\"https:\/\/migros.ba\/wp-content\/uploads\/2019\/02\/SP-60-1024x685.jpg 1024w, https:\/\/migros.ba\/wp-content\/uploads\/2019\/02\/SP-60-600x402.jpg 600w, https:\/\/migros.ba\/wp-content\/uploads\/2019\/02\/SP-60-300x201.jpg 300w, https:\/\/migros.ba\/wp-content\/uploads\/2019\/02\/SP-60-768x514.jpg 768w, https:\/\/migros.ba\/wp-content\/uploads\/2019\/02\/SP-60-1170x783.jpg 1170w, https:\/\/migros.ba\/wp-content\/uploads\/2019\/02\/SP-60-270x181.jpg 270w\" sizes=\"(max-width: 599px) 100vw, 599px\" \/><\/figure>\n\n\n\n<div class=\"wp-block-media-text alignwide\" style=\"grid-template-columns:10% auto\"><figure class=\"wp-block-media-text__media\"><img decoding=\"async\" loading=\"lazy\" width=\"129\" height=\"521\" src=\"https:\/\/migros.ba\/wp-content\/uploads\/2019\/02\/SP-60-visina.jpg\" alt=\"\" class=\"wp-image-640\" srcset=\"https:\/\/migros.ba\/wp-content\/uploads\/2019\/02\/SP-60-visina.jpg 129w, https:\/\/migros.ba\/wp-content\/uploads\/2019\/02\/SP-60-visina-74x300.jpg 74w\" sizes=\"(max-width: 129px) 100vw, 129px\" \/><\/figure><div class=\"wp-block-media-text__content\">\n<p class=\"has-text-align-left\">-Velika povr\u0161ina uskakanja<br>-Psiholo\u0161ki optimizirana povr\u0161ina jastuka<br>-Postavljanje za 80 sekundi<br>-Spa\u0161avanje s visine do 20 spratova<\/p>\n<\/div><\/div>\n\n\n\n<p>Pobijedite po\u017eare u zgradama visokima do 20 spratova! <\/p>\n\n\n\n<p>Uske gradske ulice ili nepristupa\u010dna dvori\u0161ta vi\u0161e nisu problem sa SP 60. Spasite zarobljene osobe brzo i lako, \u010dak i tamo gdje va\u0161a ekipa ne mo\u017ee pri\u0107i vatrogasnim auto ljestvama.<br>Iskoristite brojne prednosti koje \u010dine va\u0161 posao u\u010dinkovitijim i spa\u0161avanje sigurnijim.<br>Dva kompresora visokih performansi napuhuju SP 60 unutar samo 80 sekundi.<br>Pametni dvo-komorni dizajn i inovativni sustav kompenzacije pritiska osigurava optimalnu usko\u010dnu deceleraciju. <\/p>\n\n\n\n<p>Prakti\u010dno: brzo spajanje kompresorskih priklju\u010daka \u0161tedi vam dragocjene sekunde. Dizajn bez \u0161avova s donje strane jastuka sprje\u010dava o\u0161te\u0107enja<br>izazvana trenjem a time i nepotrebne popravke.<\/p>\n\n\n\n<figure class=\"wp-block-image\"><img decoding=\"async\" loading=\"lazy\" width=\"661\" height=\"134\" src=\"https:\/\/migros.ba\/wp-content\/uploads\/2019\/02\/SP60-tehnicke.png\" alt=\"\" class=\"wp-image-653\" srcset=\"https:\/\/migros.ba\/wp-content\/uploads\/2019\/02\/SP60-tehnicke.png 661w, https:\/\/migros.ba\/wp-content\/uploads\/2019\/02\/SP60-tehnicke-600x122.png 600w, https:\/\/migros.ba\/wp-content\/uploads\/2019\/02\/SP60-tehnicke-300x61.png 300w, https:\/\/migros.ba\/wp-content\/uploads\/2019\/02\/SP60-tehnicke-270x55.png 270w\" sizes=\"(max-width: 661px) 100vw, 661px\" \/><\/figure>\n\n\n\n<p>Kori\u0161tenje \u2026<br> Vatre u zgradama do 20 spratova<br> Prostori nedostupni za vatrogasna vozila s ljestvama kao \u0161to su uske gradske ulice i dvori\u0161ta<br> Za\u0161tita pri visinskom spa\u0161avanju<br> Prednosti:<br> Testirano u sukladu s DIN 14151 T 1 i T 3<br> (svjetski jedinstveni usko\u010dni jastuk za 60 metara)<br> Samo 4 osobe potrebne za postavljanje i sakupljanje<br> Nakon skoka, SP 60 se automatski oporavlja za oko 20 sekundi<br> Uklju\u010deni  kompresori<br> Zagarantovan kvalitet:<br> Pojedina\u010dno testirani s padaju\u0107im te\u017einama<br> Datirani, inspekcijski pe\u010dat<br> Garancija od 2 godine<\/p>\n","protected":false},"excerpt":{"rendered":"<p>Brzo spa\u0161avanje s visina do 25 m. Usko\u010dni jastuci SP 16 \/ SP 25 Spa\u0161avanje do 8. sprata Brzo postavljanje Lagan za no\u0161enje \u010dak i kada je napuhan Psiholo\u0161ki optimizirana povr\u0161ina jastuka Vetter usko\u010dni jastuci* omogu\u0107uju brzu pomo\u0107 kada je prostor ograni\u010den ili kada pro\u010delje zgrade nije pristupa\u010dno vatrogasnim auto ljestvama. Na taj na\u010din ste [&hellip;]<\/p>\n","protected":false},"author":1,"featured_media":605,"parent":2,"menu_order":0,"comment_status":"closed","ping_status":"closed","template":"","meta":{"footnotes":""},"_links":{"self":[{"href":"https:\/\/migros.ba\/index.php?rest_route=\/wp\/v2\/pages\/151"}],"collection":[{"href":"https:\/\/migros.ba\/index.php?rest_route=\/wp\/v2\/pages"}],"about":[{"href":"https:\/\/migros.ba\/index.php?rest_route=\/wp\/v2\/types\/page"}],"author":[{"embeddable":true,"href":"https:\/\/migros.ba\/index.php?rest_route=\/wp\/v2\/users\/1"}],"replies":[{"embeddable":true,"href":"https:\/\/migros.ba\/index.php?rest_route=%2Fwp%2Fv2%2Fcomments&post=151"}],"version-history":[{"count":2,"href":"https:\/\/migros.ba\/index.php?rest_route=\/wp\/v2\/pages\/151\/revisions"}],"predecessor-version":[{"id":916,"href":"https:\/\/migros.ba\/index.php?rest_route=\/wp\/v2\/pages\/151\/revisions\/916"}],"up":[{"embeddable":true,"href":"https:\/\/migros.ba\/index.php?rest_route=\/wp\/v2\/pages\/2"}],"wp:featuredmedia":[{"embeddable":true,"href":"https:\/\/migros.ba\/index.php?rest_route=\/wp\/v2\/media\/605"}],"wp:attachment":[{"href":"https:\/\/migros.ba\/index.php?rest_route=%2Fwp%2Fv2%2Fmedia&parent=151"}],"curies":[{"name":"wp","href":"https:\/\/api.w.org\/{rel}","templated":true}]}}