{"id":1169,"date":"2023-06-06T00:14:35","date_gmt":"2023-06-05T22:14:35","guid":{"rendered":"https:\/\/migros.ba\/?page_id=1169"},"modified":"2023-06-06T00:18:04","modified_gmt":"2023-06-05T22:18:04","slug":"ukrcajne-karte-i-privjesci-za-prtljag-boarding-pass-baggage-tags","status":"publish","type":"page","link":"https:\/\/migros.ba\/?page_id=1169","title":{"rendered":"UKRCAJNE KARTE I PRIVJESCI ZA PRTLJAG, BOARDING PASS BAGGAGE TAGS"},"content":{"rendered":"\n<p>Sve vrste ukrcajnih kartica za aerodrome kao i privjesci za prtljag svih dimenzija. \u0160tampa i veli\u010dina prilago\u0111ena zahtjevima i ure\u0111ajima aerodroma.<\/p>\n\n\n\n<div class=\"wp-block-image\"><figure class=\"aligncenter size-full\"><img decoding=\"async\" loading=\"lazy\" width=\"490\" height=\"478\" src=\"https:\/\/migros.ba\/wp-content\/uploads\/2023\/06\/Boarding-Pass-Bag-Tag.png\" alt=\"\" class=\"wp-image-1171\" srcset=\"https:\/\/migros.ba\/wp-content\/uploads\/2023\/06\/Boarding-Pass-Bag-Tag.png 490w, https:\/\/migros.ba\/wp-content\/uploads\/2023\/06\/Boarding-Pass-Bag-Tag-300x293.png 300w\" sizes=\"(max-width: 490px) 100vw, 490px\" \/><\/figure><\/div>\n\n\n\n<div class=\"wp-block-image\"><figure class=\"aligncenter size-full\"><img decoding=\"async\" loading=\"lazy\" width=\"800\" height=\"800\" src=\"https:\/\/migros.ba\/wp-content\/uploads\/2023\/06\/CCTDT069-baggage-claim-tag-1.jpg\" alt=\"\" class=\"wp-image-1172\" srcset=\"https:\/\/migros.ba\/wp-content\/uploads\/2023\/06\/CCTDT069-baggage-claim-tag-1.jpg 800w, https:\/\/migros.ba\/wp-content\/uploads\/2023\/06\/CCTDT069-baggage-claim-tag-1-300x300.jpg 300w, https:\/\/migros.ba\/wp-content\/uploads\/2023\/06\/CCTDT069-baggage-claim-tag-1-150x150.jpg 150w, https:\/\/migros.ba\/wp-content\/uploads\/2023\/06\/CCTDT069-baggage-claim-tag-1-768x768.jpg 768w, https:\/\/migros.ba\/wp-content\/uploads\/2023\/06\/CCTDT069-baggage-claim-tag-1-600x600.jpg 600w, https:\/\/migros.ba\/wp-content\/uploads\/2023\/06\/CCTDT069-baggage-claim-tag-1-100x100.jpg 100w\" sizes=\"(max-width: 800px) 100vw, 800px\" \/><\/figure><\/div>\n\n\n\n<figure class=\"wp-block-image size-full\"><img decoding=\"async\" loading=\"lazy\" width=\"800\" height=\"800\" src=\"https:\/\/migros.ba\/wp-content\/uploads\/2023\/06\/CCTDT069-baggage-claim-tag-1-1.jpg\" alt=\"\" class=\"wp-image-1174\" srcset=\"https:\/\/migros.ba\/wp-content\/uploads\/2023\/06\/CCTDT069-baggage-claim-tag-1-1.jpg 800w, https:\/\/migros.ba\/wp-content\/uploads\/2023\/06\/CCTDT069-baggage-claim-tag-1-1-300x300.jpg 300w, https:\/\/migros.ba\/wp-content\/uploads\/2023\/06\/CCTDT069-baggage-claim-tag-1-1-150x150.jpg 150w, https:\/\/migros.ba\/wp-content\/uploads\/2023\/06\/CCTDT069-baggage-claim-tag-1-1-768x768.jpg 768w, https:\/\/migros.ba\/wp-content\/uploads\/2023\/06\/CCTDT069-baggage-claim-tag-1-1-600x600.jpg 600w, https:\/\/migros.ba\/wp-content\/uploads\/2023\/06\/CCTDT069-baggage-claim-tag-1-1-100x100.jpg 100w\" sizes=\"(max-width: 800px) 100vw, 800px\" \/><\/figure>\n","protected":false},"excerpt":{"rendered":"<p>Sve vrste ukrcajnih kartica za aerodrome kao i privjesci za prtljag svih dimenzija. \u0160tampa i veli\u010dina prilago\u0111ena zahtjevima i ure\u0111ajima aerodroma.<\/p>\n","protected":false},"author":1,"featured_media":0,"parent":0,"menu_order":0,"comment_status":"closed","ping_status":"closed","template":"","meta":{"footnotes":""},"_links":{"self":[{"href":"https:\/\/migros.ba\/index.php?rest_route=\/wp\/v2\/pages\/1169"}],"collection":[{"href":"https:\/\/migros.ba\/index.php?rest_route=\/wp\/v2\/pages"}],"about":[{"href":"https:\/\/migros.ba\/index.php?rest_route=\/wp\/v2\/types\/page"}],"author":[{"embeddable":true,"href":"https:\/\/migros.ba\/index.php?rest_route=\/wp\/v2\/users\/1"}],"replies":[{"embeddable":true,"href":"https:\/\/migros.ba\/index.php?rest_route=%2Fwp%2Fv2%2Fcomments&post=1169"}],"version-history":[{"count":2,"href":"https:\/\/migros.ba\/index.php?rest_route=\/wp\/v2\/pages\/1169\/revisions"}],"predecessor-version":[{"id":1175,"href":"https:\/\/migros.ba\/index.php?rest_route=\/wp\/v2\/pages\/1169\/revisions\/1175"}],"wp:attachment":[{"href":"https:\/\/migros.ba\/index.php?rest_route=%2Fwp%2Fv2%2Fmedia&parent=1169"}],"curies":[{"name":"wp","href":"https:\/\/api.w.org\/{rel}","templated":true}]}}