{"id":1156,"date":"2023-06-05T23:29:44","date_gmt":"2023-06-05T21:29:44","guid":{"rendered":"https:\/\/migros.ba\/?page_id=1156"},"modified":"2025-05-12T22:47:33","modified_gmt":"2025-05-12T20:47:33","slug":"gse","status":"publish","type":"page","link":"https:\/\/migros.ba\/?page_id=1156","title":{"rendered":"GSE  Ground Support Equipment"},"content":{"rendered":"\n<p class=\"has-text-align-left\"><strong>RUDE ZA VU\u010cU ZRAKOPLOVA<\/strong><\/p>\n\n\n\n<figure class=\"wp-block-image alignwide size-large\"><img decoding=\"async\" loading=\"lazy\" width=\"1024\" height=\"640\" src=\"https:\/\/migros.ba\/wp-content\/uploads\/2023\/06\/hydro_systems_-_products_-_ground_support_equipment_-_tow-bars_-_teaser-dca91b63-1024x640.webp\" alt=\"\" class=\"wp-image-1160\" srcset=\"https:\/\/migros.ba\/wp-content\/uploads\/2023\/06\/hydro_systems_-_products_-_ground_support_equipment_-_tow-bars_-_teaser-dca91b63-1024x640.webp 1024w, https:\/\/migros.ba\/wp-content\/uploads\/2023\/06\/hydro_systems_-_products_-_ground_support_equipment_-_tow-bars_-_teaser-dca91b63-300x188.webp 300w, https:\/\/migros.ba\/wp-content\/uploads\/2023\/06\/hydro_systems_-_products_-_ground_support_equipment_-_tow-bars_-_teaser-dca91b63-768x480.webp 768w, https:\/\/migros.ba\/wp-content\/uploads\/2023\/06\/hydro_systems_-_products_-_ground_support_equipment_-_tow-bars_-_teaser-dca91b63-600x375.webp 600w, https:\/\/migros.ba\/wp-content\/uploads\/2023\/06\/hydro_systems_-_products_-_ground_support_equipment_-_tow-bars_-_teaser-dca91b63.webp 1200w\" sizes=\"(max-width: 1024px) 100vw, 1024px\" \/><\/figure>\n\n\n\n<p class=\"has-text-align-center\">Kupci \u0161irom svijeta vjeruju u izvanredan kvalitet na\u0161e opreme za vu\u010du i vra\u0107anje aviona. Na\u0161e kuke za vu\u010du savr\u0161eno odgovaraju zahtjevima proizvo\u0111a\u010da aviona. Oni \u0107e vas uvjeriti jednostavno\u0161\u0107u i kratkim rokovima isporuke, a dizajnirani su prema va\u017ee\u0107im normama i standardima.<\/p>\n\n\n\n<p class=\"has-text-align-center\">Portfolio pokriva \u010ditavu va\u0161u flotu aviona bilo da imate uskotrupne, \u0161irokotrupne, poslovne avione, regionalne mlazne avione ili helikoptere.<\/p>\n\n\n\n<div style=\"height:100px\" aria-hidden=\"true\" class=\"wp-block-spacer\"><\/div>\n\n\n\n<p class=\"has-text-align-left\"><strong>TRIPOD DIZALICE<\/strong><\/p>\n\n\n\n<figure class=\"wp-block-image alignwide size-large\"><img decoding=\"async\" loading=\"lazy\" width=\"1024\" height=\"640\" src=\"https:\/\/migros.ba\/wp-content\/uploads\/2023\/06\/hydro_systems_-_products_-_ground_support_equipment_-_tripod_jacks_-_teaser-a2de1a03-1024x640.webp\" alt=\"\" class=\"wp-image-1161\" srcset=\"https:\/\/migros.ba\/wp-content\/uploads\/2023\/06\/hydro_systems_-_products_-_ground_support_equipment_-_tripod_jacks_-_teaser-a2de1a03-1024x640.webp 1024w, https:\/\/migros.ba\/wp-content\/uploads\/2023\/06\/hydro_systems_-_products_-_ground_support_equipment_-_tripod_jacks_-_teaser-a2de1a03-300x188.webp 300w, https:\/\/migros.ba\/wp-content\/uploads\/2023\/06\/hydro_systems_-_products_-_ground_support_equipment_-_tripod_jacks_-_teaser-a2de1a03-768x480.webp 768w, https:\/\/migros.ba\/wp-content\/uploads\/2023\/06\/hydro_systems_-_products_-_ground_support_equipment_-_tripod_jacks_-_teaser-a2de1a03-600x375.webp 600w, https:\/\/migros.ba\/wp-content\/uploads\/2023\/06\/hydro_systems_-_products_-_ground_support_equipment_-_tripod_jacks_-_teaser-a2de1a03.webp 1200w\" sizes=\"(max-width: 1024px) 100vw, 1024px\" \/><\/figure>\n\n\n\n<p>Na\u0161e tripod-dizalice omugu\u0107avaju visoko isplativo i efikasno odr\u017eavanje va\u0161eg aviona. Dosljedna modularnost omogu\u0107ava im da se konfiguri\u0161u prema va\u0161im specifi\u010dnim zahtjevima. Dostupne su razli\u010dite opcije kon\ufb01guracije, od osnovnih do vrhunskih verzija. Kao opcija u kombinaciji sa na\u0161im centralnim elektronskim sistemom za kontrolu podizanja i nivelisanja (EJAL).<\/p>\n\n\n\n<p>Portfolio uklju\u010duje tripod-dizalice sa \u0161irokim rasponom od 2 do 210 tona. Pokrivena je cijela flota aviona \u2013 uskotrupni, \u0161irokotrupni, poslovni avioni, regionalni mlazni avioni ili helikopteri.<\/p>\n\n\n\n<div style=\"height:100px\" aria-hidden=\"true\" class=\"wp-block-spacer\"><\/div>\n\n\n\n<p><strong>OSOVINSKE DIZALICE<\/strong><\/p>\n\n\n\n<figure class=\"wp-block-image alignwide size-large\"><img decoding=\"async\" loading=\"lazy\" width=\"1024\" height=\"640\" src=\"https:\/\/migros.ba\/wp-content\/uploads\/2023\/06\/hydro_systems_-_products_-_ground_support_equipment_-_axle_jacks_-_teaser-e211eda7-1024x640.webp\" alt=\"\" class=\"wp-image-1162\" srcset=\"https:\/\/migros.ba\/wp-content\/uploads\/2023\/06\/hydro_systems_-_products_-_ground_support_equipment_-_axle_jacks_-_teaser-e211eda7-1024x640.webp 1024w, https:\/\/migros.ba\/wp-content\/uploads\/2023\/06\/hydro_systems_-_products_-_ground_support_equipment_-_axle_jacks_-_teaser-e211eda7-300x188.webp 300w, https:\/\/migros.ba\/wp-content\/uploads\/2023\/06\/hydro_systems_-_products_-_ground_support_equipment_-_axle_jacks_-_teaser-e211eda7-768x480.webp 768w, https:\/\/migros.ba\/wp-content\/uploads\/2023\/06\/hydro_systems_-_products_-_ground_support_equipment_-_axle_jacks_-_teaser-e211eda7-600x375.webp 600w, https:\/\/migros.ba\/wp-content\/uploads\/2023\/06\/hydro_systems_-_products_-_ground_support_equipment_-_axle_jacks_-_teaser-e211eda7.webp 1200w\" sizes=\"(max-width: 1024px) 100vw, 1024px\" \/><\/figure>\n\n\n\n<p>Na\u0161 \u0161irok asortiman inovativnih dizalica za osovine pokriva sve dana\u0161nje komercijalne i vojne avione. Dosljedna modularnost omogu\u0107ava da se konfiguriraju prema va\u0161im specifi\u010dnim zahtjevima.<\/p>\n\n\n\n<p>Sigurnost i kvalitet \u201cMade in Germany\u201d imaju najve\u0107i prioritet. Zato su na\u0161e dizalice, bez obzira na kapacitet, dizajnirane za izvanrednu robusnost.<br>Svaki proizvod je testiran sa 10% bo\u010dnog optere\u0107enja i 150% otpornim optere\u0107enjem. \u010cak i u te\u0161kim uslovima okoline, na\u0161e dizalice za osovine obavljaju svoje usluge odr\u017eavanja na gumama, to\u010dkovima i ko\u010dnicama aviona<\/p>\n\n\n\n<div style=\"height:100px\" aria-hidden=\"true\" class=\"wp-block-spacer\"><\/div>\n\n\n\n<p class=\"has-large-font-size\"><strong>GPU<\/strong> ( GROUND POWER UNIT)<\/p>\n\n\n\n<div style=\"height:100px\" aria-hidden=\"true\" class=\"wp-block-spacer\"><\/div>\n\n\n\n<figure class=\"wp-block-image alignwide size-full\"><img decoding=\"async\" loading=\"lazy\" width=\"1000\" height=\"850\" src=\"https:\/\/migros.ba\/wp-content\/uploads\/2025\/05\/TLD-ACE-4120-2.jpg\" alt=\"\" class=\"wp-image-1271\" srcset=\"https:\/\/migros.ba\/wp-content\/uploads\/2025\/05\/TLD-ACE-4120-2.jpg 1000w, https:\/\/migros.ba\/wp-content\/uploads\/2025\/05\/TLD-ACE-4120-2-300x255.jpg 300w, https:\/\/migros.ba\/wp-content\/uploads\/2025\/05\/TLD-ACE-4120-2-768x653.jpg 768w, https:\/\/migros.ba\/wp-content\/uploads\/2025\/05\/TLD-ACE-4120-2-600x510.jpg 600w\" sizes=\"(max-width: 1000px) 100vw, 1000px\" \/><\/figure>\n\n\n\n<div style=\"height:100px\" aria-hidden=\"true\" class=\"wp-block-spacer\"><\/div>\n\n\n\n<p>GPU-ovi obezbje\u0111uju napajanje aviona u skladu sa preporukama proizvo\u0111a\u010da aviona i va\u017ee\u0107im standardima. Isporu\u010duju naizmjeni\u010dni napon od 200V\/400Hz i 28Vdc neprekidno. Dostupni su opcioni moduli za generisanje alternativnih napona (na primjer 56 Vcc). Na\u0161 asortiman pokriva zahtjeve od 0 do 200 kVA.<\/p>\n","protected":false},"excerpt":{"rendered":"<p>RUDE ZA VU\u010cU ZRAKOPLOVA Kupci \u0161irom svijeta vjeruju u izvanredan kvalitet na\u0161e opreme za vu\u010du i vra\u0107anje aviona. Na\u0161e kuke za vu\u010du savr\u0161eno odgovaraju zahtjevima proizvo\u0111a\u010da aviona. Oni \u0107e vas uvjeriti jednostavno\u0161\u0107u i kratkim rokovima isporuke, a dizajnirani su prema va\u017ee\u0107im normama i standardima. Portfolio pokriva \u010ditavu va\u0161u flotu aviona bilo da imate uskotrupne, \u0161irokotrupne, [&hellip;]<\/p>\n","protected":false},"author":1,"featured_media":0,"parent":82,"menu_order":0,"comment_status":"closed","ping_status":"closed","template":"","meta":{"footnotes":""},"_links":{"self":[{"href":"https:\/\/migros.ba\/index.php?rest_route=\/wp\/v2\/pages\/1156"}],"collection":[{"href":"https:\/\/migros.ba\/index.php?rest_route=\/wp\/v2\/pages"}],"about":[{"href":"https:\/\/migros.ba\/index.php?rest_route=\/wp\/v2\/types\/page"}],"author":[{"embeddable":true,"href":"https:\/\/migros.ba\/index.php?rest_route=\/wp\/v2\/users\/1"}],"replies":[{"embeddable":true,"href":"https:\/\/migros.ba\/index.php?rest_route=%2Fwp%2Fv2%2Fcomments&post=1156"}],"version-history":[{"count":5,"href":"https:\/\/migros.ba\/index.php?rest_route=\/wp\/v2\/pages\/1156\/revisions"}],"predecessor-version":[{"id":1272,"href":"https:\/\/migros.ba\/index.php?rest_route=\/wp\/v2\/pages\/1156\/revisions\/1272"}],"up":[{"embeddable":true,"href":"https:\/\/migros.ba\/index.php?rest_route=\/wp\/v2\/pages\/82"}],"wp:attachment":[{"href":"https:\/\/migros.ba\/index.php?rest_route=%2Fwp%2Fv2%2Fmedia&parent=1156"}],"curies":[{"name":"wp","href":"https:\/\/api.w.org\/{rel}","templated":true}]}}